{"id":7866,"date":"2025-06-03T12:32:49","date_gmt":"2025-06-03T10:32:49","guid":{"rendered":"https:\/\/www.dotparc.com\/?page_id=7866"},"modified":"2026-04-23T11:36:59","modified_gmt":"2026-04-23T09:36:59","slug":"blog","status":"publish","type":"page","link":"https:\/\/www.dotparc.com\/en\/blog\/","title":{"rendered":"BLOG"},"content":{"rendered":"<div id=\"fb-root\"><\/div>\n<p>[et_pb_section fb_built=&#8221;1&#8243; fullwidth=&#8221;on&#8221; admin_label=&#8221;Default Header&#8221; _builder_version=&#8221;4.27.4&#8243; _module_preset=&#8221;default&#8221; global_colors_info=&#8221;{}&#8221;][et_pb_fullwidth_header title=&#8221;BLOG&#8221; subhead=&#8221;Discover insights, updates, and behind-the-scenes stories from dotparc\u2019s digital ecosystem.<br \/>Explore innovations, project highlights, and ideas shaping the future of our digital landscape.&#8221; background_overlay_color=&#8221;rgba(0,0,0,0.2)&#8221; subhead_last_edited=&#8221;off|phone&#8221; button_one_text_last_edited=&#8221;off|phone&#8221; _builder_version=&#8221;4.27.4&#8243; _module_preset=&#8221;default&#8221; content_font_size=&#8221;22px&#8221; subhead_font_size=&#8221;22px&#8221; subhead_line_height=&#8221;1.3em&#8221; background_color=&#8221;RGBA(255,255,255,0)&#8221; background_image=&#8221;https:\/\/www.dotparc.com\/wp-content\/uploads\/2025\/06\/close-up-person-working-home-night-scaled.jpg&#8221; background_position=&#8221;bottom_center&#8221; custom_padding=&#8221;10%||10%||false|false&#8221; title_text_align_tablet=&#8221;&#8221; title_text_align_phone=&#8221;center&#8221; title_text_align_last_edited=&#8221;on|phone&#8221; content_text_align_tablet=&#8221;&#8221; content_text_align_phone=&#8221;center&#8221; content_text_align_last_edited=&#8221;on|phone&#8221; subhead_text_align_tablet=&#8221;&#8221; subhead_text_align_phone=&#8221;center&#8221; subhead_text_align_last_edited=&#8221;on|phone&#8221; module_alignment_tablet=&#8221;&#8221; module_alignment_phone=&#8221;center&#8221; module_alignment_last_edited=&#8221;on|phone&#8221; custom_css_header_image=&#8221;width: 60%;&#8221; border_radii_image=&#8221;on|1000px|1000px|1000px|1000px&#8221; border_width_all_image=&#8221;15px&#8221; border_color_all_image=&#8221;#FFFFFF&#8221; global_colors_info=&#8221;{}&#8221; custom_css_header_image_last_edited=&#8221;on|phone&#8221; custom_css_header_image_tablet=&#8221;width: 60%;&#8221; custom_css_header_image_phone=&#8221;width: 100%;&#8221;][\/et_pb_fullwidth_header][\/et_pb_section][et_pb_section fb_built=&#8221;1&#8243; _builder_version=&#8221;4.27.4&#8243; _module_preset=&#8221;default&#8221; global_colors_info=&#8221;{}&#8221;][et_pb_row _builder_version=&#8221;4.27.4&#8243; _module_preset=&#8221;default&#8221; custom_margin=&#8221;||||false|false&#8221; global_colors_info=&#8221;{}&#8221;][et_pb_column type=&#8221;4_4&#8243; _builder_version=&#8221;4.27.4&#8243; _module_preset=&#8221;default&#8221; global_colors_info=&#8221;{}&#8221;][et_pb_blog fullwidth=&#8221;off&#8221; posts_number=&#8221;9&#8243; include_categories=&#8221;35&#8243; show_author=&#8221;off&#8221; show_date=&#8221;off&#8221; _builder_version=&#8221;4.27.4&#8243; _module_preset=&#8221;default&#8221; hover_enabled=&#8221;0&#8243; global_colors_info=&#8221;{}&#8221; sticky_enabled=&#8221;0&#8243;][\/et_pb_blog][\/et_pb_column][\/et_pb_row][et_pb_row _builder_version=&#8221;4.27.4&#8243; _module_preset=&#8221;default&#8221; global_colors_info=&#8221;{}&#8221;][et_pb_column type=&#8221;4_4&#8243; _builder_version=&#8221;4.27.4&#8243; _module_preset=&#8221;default&#8221; global_colors_info=&#8221;{}&#8221;][et_pb_cta title=&#8221;Ready to upgrade your online presence?&#8221; button_url=&#8221;\/en\/it-architecture\/#contact-form&#8221; button_text=&#8221;Schedule a Call &#8221; title_tablet=&#8221;Experience modern IT.&#8221; title_phone=&#8221;Experience<br \/>modern IT.&#8221; title_last_edited=&#8221;off|phone&#8221; _builder_version=&#8221;4.27.4&#8243; _module_preset=&#8221;default&#8221; header_text_align=&#8221;center&#8221; custom_button=&#8221;on&#8221; width=&#8221;70%&#8221; width_tablet=&#8221;&#8221; width_phone=&#8221;&#8221; width_last_edited=&#8221;on|phone&#8221; module_alignment=&#8221;center&#8221; header_font_size_tablet=&#8221;&#8221; header_font_size_phone=&#8221;20px&#8221; header_font_size_last_edited=&#8221;on|phone&#8221; button_text_size_tablet=&#8221;&#8221; button_text_size_phone=&#8221;14px&#8221; button_text_size_last_edited=&#8221;on|phone&#8221; global_module=&#8221;5530&#8243; saved_tabs=&#8221;all&#8221; global_colors_info=&#8221;{}&#8221;]<\/p>\n<p>Book a free discovery call or contact our team for a no-obligation consultation.<\/p>\n<p>[\/et_pb_cta][\/et_pb_column][\/et_pb_row][\/et_pb_section]<\/p>\n","protected":false},"excerpt":{"rendered":"<p>Book a free discovery call or contact our team for a no-obligation consultation.<\/p>\n","protected":false},"author":2,"featured_media":0,"parent":0,"menu_order":0,"comment_status":"closed","ping_status":"closed","template":"","meta":{"_et_pb_use_builder":"on","_et_pb_old_content":"[et_pb_section fb_built=\"1\" fullwidth=\"on\" admin_label=\"Default Header\" _builder_version=\"4.27.4\" _module_preset=\"default\" global_colors_info=\"{}\"][et_pb_fullwidth_header title=\"Unser Konzept \" subhead=\"Ihre Vision. Unser Konzept.<br\/>Gemeinsam zum IT-Erfolg.\" background_overlay_color=\"rgba(0,0,0,0.2)\" subhead_last_edited=\"off|phone\" button_one_text_last_edited=\"off|phone\" _builder_version=\"4.27.4\" _module_preset=\"default\" content_font_size=\"22px\" subhead_font_size=\"22px\" subhead_line_height=\"1.3em\" background_color=\"RGBA(255,255,255,0)\" background_image=\"https:\/\/www.dotparc.com\/wp-content\/uploads\/2025\/03\/Office_Background_1600x466.jpg\" background_position=\"top_right\" custom_padding=\"10%||10%||false|false\" title_text_align_tablet=\"\" title_text_align_phone=\"center\" title_text_align_last_edited=\"on|phone\" content_text_align_tablet=\"\" content_text_align_phone=\"center\" content_text_align_last_edited=\"on|phone\" subhead_text_align_tablet=\"\" subhead_text_align_phone=\"center\" subhead_text_align_last_edited=\"on|phone\" module_alignment_tablet=\"\" module_alignment_phone=\"center\" module_alignment_last_edited=\"on|phone\" custom_css_header_image=\"width: 60%;\" border_radii_image=\"on|1000px|1000px|1000px|1000px\" border_width_all_image=\"15px\" border_color_all_image=\"#FFFFFF\" global_colors_info=\"{}\" custom_css_header_image_last_edited=\"on|phone\" custom_css_header_image_tablet=\"width: 60%;\" custom_css_header_image_phone=\"width: 100%;\"][\/et_pb_fullwidth_header][\/et_pb_section][et_pb_section fb_built=\"1\" _builder_version=\"4.27.4\" _module_preset=\"default\" global_colors_info=\"{}\"][et_pb_row _builder_version=\"4.27.4\" _module_preset=\"default\" custom_margin=\"||||false|false\" hover_enabled=\"0\" global_colors_info=\"{}\" sticky_enabled=\"0\"][et_pb_column type=\"4_4\" _builder_version=\"4.27.4\" _module_preset=\"default\" global_colors_info=\"{}\"][et_pb_text admin_label=\"Wie ein Architekt, \" _builder_version=\"4.27.4\" text_font_size=\"20px\" text_line_height=\"1.6em\" header_font=\"|||on|||||\" header_text_align=\"center\" header_font_size=\"36px\" text_orientation=\"center\" width=\"80%\" width_tablet=\"80%\" width_phone=\"100%\" width_last_edited=\"on|phone\" module_alignment=\"center\" global_colors_info=\"{}\"]Wie ein Architekt, der ein Haus so gestaltet, dass es nicht nur funktional, sondern auch ein Ort des Wohlbefindens ist, sehen wir Ihre IT als Schl\u00fcsselfaktor, der Ihr Unternehmen in einen besseren Ort f\u00fcr alle Beteiligten verwandeln kann. Unser Konzept verbindet fundierte Planung mit einer leidenschaftlichen Umsetzung \u2013 damit Ihre Vision nicht nur Realit\u00e4t wird, sondern Ihr Unternehmen auf ein neues Level hebt.[\/et_pb_text][\/et_pb_column][\/et_pb_row][et_pb_row _builder_version=\"4.27.4\" _module_preset=\"default\" hover_enabled=\"0\" global_colors_info=\"{}\" custom_margin=\"50px||50px||false|false\" sticky_enabled=\"0\"][et_pb_column type=\"4_4\" _builder_version=\"4.27.4\" _module_preset=\"default\" global_colors_info=\"{}\"][et_pb_image src=\"https:\/\/www.dotparc.com\/wp-content\/uploads\/2025\/03\/Infographic_Unser-Konzept_2655x1558-scaled.jpg\" title_text=\"Infographic_Unser-Konzept_2655x1558\" admin_label=\"Infographic\" _builder_version=\"4.27.4\" _module_preset=\"default\" width=\"75%\" width_tablet=\"75%\" width_phone=\"100%\" width_last_edited=\"on|phone\" module_alignment=\"center\" animation_style=\"zoom\" global_colors_info=\"{}\"][\/et_pb_image][\/et_pb_column][\/et_pb_row][et_pb_row column_structure=\"2_5,3_5\" _builder_version=\"4.27.4\" _module_preset=\"default\" global_colors_info=\"{}\"][et_pb_column type=\"2_5\" _builder_version=\"4.27.4\" _module_preset=\"default\" global_colors_info=\"{}\"][et_pb_image src=\"https:\/\/www.dotparc.com\/wp-content\/uploads\/2025\/03\/Infographic_Analyse-Beratung_1294x500.jpg\" title_text=\"Infographic_Analyse-Beratung_1294x500\" _builder_version=\"4.27.4\" _module_preset=\"default\" global_colors_info=\"{}\"][\/et_pb_image][\/et_pb_column][et_pb_column type=\"3_5\" _builder_version=\"4.27.4\" _module_preset=\"default\" global_colors_info=\"{}\"][et_pb_text admin_label=\"Wo wollen Sie hin?\" _builder_version=\"4.27.4\" _module_preset=\"default\" text_font_size=\"18px\" text_line_height=\"1.6em\" global_colors_info=\"{}\"]<h3>Wo wollen Sie hin?<\/h3>\r\nGemeinsam definieren wir Ihre strategischen Ziele und den gew\u00fcnschten Endzustand. Dieser klare Kompass sorgt daf\u00fcr, dass wir genau die IT-L\u00f6sungen entwickeln, die Ihren Betrieb nicht nur effizienter machen, sondern auch Ihre Mitarbeiter inspirieren und Ihre Kunden begeistern.[\/et_pb_text][\/et_pb_column][\/et_pb_row][et_pb_row column_structure=\"2_5,3_5\" _builder_version=\"4.27.4\" _module_preset=\"default\" global_colors_info=\"{}\"][et_pb_column type=\"2_5\" _builder_version=\"4.27.4\" _module_preset=\"default\" global_colors_info=\"{}\"][et_pb_image src=\"https:\/\/www.dotparc.com\/wp-content\/uploads\/2025\/03\/Infographic_Konzept-Planung_1294x500.jpg\" title_text=\"Infographic_Konzept-Planung_1294x500\" _builder_version=\"4.27.4\" _module_preset=\"default\" global_colors_info=\"{}\"][\/et_pb_image][\/et_pb_column][et_pb_column type=\"3_5\" _builder_version=\"4.27.4\" _module_preset=\"default\" global_colors_info=\"{}\"][et_pb_text admin_label=\"Ihre Vision \u2013 unser Know-how\" _builder_version=\"4.27.4\" _module_preset=\"default\" text_font_size=\"18px\" text_line_height=\"1.6em\" global_colors_info=\"{}\"]<h3>Ihre Vision \u2013 unser Know-how<\/h3>\r\nMit mehr als 30 Jahren Erfahrung als IT-Architekten bringen wir tiefgreifendes Fachwissen und Herzblut in jedes Projekt ein. Ob Microsoft 365 & Azure, Cloud Backup & Migration mit ConnectWise, Infrastruktur L\u00f6sungen als Authorized Lenovo 360 Partner, Web-Entwicklung oder individuelle Softwarel\u00f6sungen \u2013 wir setzen Ihre Ideen passgenau um und schaffen Systeme, die f\u00fcr Stabilit\u00e4t und Wachstum sorgen.[\/et_pb_text][\/et_pb_column][\/et_pb_row][et_pb_row column_structure=\"2_5,3_5\" _builder_version=\"4.27.4\" _module_preset=\"default\" global_colors_info=\"{}\"][et_pb_column type=\"2_5\" _builder_version=\"4.27.4\" _module_preset=\"default\" global_colors_info=\"{}\"][et_pb_image src=\"https:\/\/www.dotparc.com\/wp-content\/uploads\/2025\/03\/Infographic_Umsetzung-Betrieb_1294x500.jpg\" title_text=\"Infographic_Umsetzung-Betrieb_1294x500\" _builder_version=\"4.27.4\" _module_preset=\"default\" global_colors_info=\"{}\"][\/et_pb_image][\/et_pb_column][et_pb_column type=\"3_5\" _builder_version=\"4.27.4\" _module_preset=\"default\" global_colors_info=\"{}\"][et_pb_text admin_label=\"Ganzheitliche IT-Betreuung \u2013 f\u00fcr ein harmonisches Gesamtsystem\" _builder_version=\"4.27.4\" _module_preset=\"default\" text_font_size=\"18px\" text_line_height=\"1.6em\" global_colors_info=\"{}\"]<h3>Ganzheitliche IT-Betreuung \u2013 f\u00fcr ein harmonisches Gesamtsystem<\/h3>\r\nViele unserer Kunden vertrauen uns den gesamten IT-Betrieb an. Als zentrale IT steuern wir nicht nur Ihre Systeme, sondern verkn\u00fcpfen auch externe Spezialisten, um Ihr Gesamtsystem kontinuierlich zu optimieren. So entsteht ein stabiles, sicheres und zukunftsorientiertes IT-Umfeld, das nicht nur Prozesse vereinfacht, sondern auch das Arbeitsklima verbessert und Ihrem Unternehmen einen nachhaltigen Mehrwert verleiht.[\/et_pb_text][\/et_pb_column][\/et_pb_row][et_pb_row admin_label=\"Zeile\" _builder_version=\"4.16\" module_alignment=\"center\" custom_margin=\"20px||||false|false\" global_colors_info=\"{}\"][et_pb_column type=\"4_4\" _builder_version=\"4.16\" custom_padding=\"|||\" global_colors_info=\"{}\" custom_padding__hover=\"|||\"][et_pb_text content_tablet=\"<h2>Effizient | Transparent | Erfolgreich<\/h2>\" content_phone=\"<h2>Effizient<br\/>Transparent<br\/>Erfolgreich<\/h2>\" content_last_edited=\"on|desktop\" admin_label=\"Effizient | Transparent | Erfolgreich\" _builder_version=\"4.27.4\" header_font=\"|||on|||||\" header_text_align=\"center\" header_font_size=\"36px\" header_2_text_align=\"center\" text_orientation=\"center\" module_alignment=\"center\" global_colors_info=\"{}\"]<h2>Effizient | Transparent | Erfolgreich<\/h2>[\/et_pb_text][et_pb_text _builder_version=\"4.27.4\" text_font_size=\"18px\" text_line_height=\"1.6em\" header_font=\"|||on|||||\" header_text_align=\"center\" header_font_size=\"36px\" text_orientation=\"center\" width=\"80%\" width_tablet=\"80%\" width_phone=\"100%\" width_last_edited=\"on|phone\" module_alignment=\"center\" global_colors_info=\"{}\"]Unser Ansatz kombiniert klare Strukturen mit einem flexiblen, pragmatischen Prozess \u2013 ohne unn\u00f6tige B\u00fcrokratie. Wir liefern schnell passgenaue IT-L\u00f6sungen und begleiten Sie langfristig mit umfassendem Support. So wird Ihre IT zum Herzst\u00fcck eines Unternehmens, das f\u00fcr alle Beteiligten ein Ort der Innovation, Zufriedenheit und nachhaltigen Entwicklung wird.[\/et_pb_text][\/et_pb_column][\/et_pb_row][et_pb_row _builder_version=\"4.27.4\" _module_preset=\"default\" global_colors_info=\"{}\"][et_pb_column type=\"4_4\" _builder_version=\"4.27.4\" _module_preset=\"default\" global_colors_info=\"{}\"][et_pb_cta title=\"Erleben Sie moderne IT.\" button_url=\"\/it-architektur\/#contact-form\" button_text=\"Kostenlose Beratung anfordern\" _builder_version=\"4.27.4\" _module_preset=\"default\" header_text_align=\"center\" background_color=\"#003168\" custom_button=\"on\" width=\"70%\" width_tablet=\"\" width_phone=\"\" width_last_edited=\"on|phone\" module_alignment=\"center\" header_font_size_tablet=\"\" header_font_size_phone=\"20px\" header_font_size_last_edited=\"on|phone\" button_text_size_tablet=\"\" button_text_size_phone=\"14px\" button_text_size_last_edited=\"on|phone\" global_module=\"5006\" saved_tabs=\"all\" global_colors_info=\"{}\"]<p>Vertrauen Sie auf 30+ Jahre Expertise.<\/p>\r\n[\/et_pb_cta][\/et_pb_column][\/et_pb_row][\/et_pb_section]","_et_gb_content_width":"","footnotes":""},"class_list":["post-7866","page","type-page","status-publish","hentry"],"yoast_head":"<!-- This site is optimized with the Yoast SEO plugin v27.4 - https:\/\/yoast.com\/product\/yoast-seo-wordpress\/ -->\n<title>dotparc IT Blog | Insights, Tips &amp; Trends in Digital Architecture<\/title>\n<meta name=\"description\" content=\"Discover IT trends, Microsoft 365 &amp; Azure best practices, cloud security insights, and expert tips from the team at dotparc.\" \/>\n<meta name=\"robots\" content=\"index, follow, max-snippet:-1, max-image-preview:large, max-video-preview:-1\" \/>\n<link rel=\"canonical\" href=\"https:\/\/www.dotparc.com\/en\/blog\/\" \/>\n<meta name=\"twitter:card\" content=\"summary_large_image\" \/>\n<meta name=\"twitter:title\" content=\"dotparc IT Blog | Insights, Tips &amp; Trends in Digital Architecture\" \/>\n<meta name=\"twitter:description\" content=\"Discover IT trends, Microsoft 365 &amp; Azure best practices, cloud security insights, and expert tips from the team at dotparc.\" \/>\n<meta name=\"twitter:label1\" content=\"Est. reading time\" \/>\n\t<meta name=\"twitter:data1\" content=\"4 minutes\" \/>\n<script type=\"application\/ld+json\" class=\"yoast-schema-graph\">{\"@context\":\"https:\\\/\\\/schema.org\",\"@graph\":[{\"@type\":\"WebPage\",\"@id\":\"https:\\\/\\\/www.dotparc.com\\\/en\\\/blog\\\/\",\"url\":\"https:\\\/\\\/www.dotparc.com\\\/en\\\/blog\\\/\",\"name\":\"dotparc IT Blog | Insights, Tips & Trends in Digital Architecture\",\"isPartOf\":{\"@id\":\"https:\\\/\\\/www.dotparc.com\\\/en\\\/#website\"},\"datePublished\":\"2025-06-03T10:32:49+00:00\",\"dateModified\":\"2026-04-23T09:36:59+00:00\",\"description\":\"Discover IT trends, Microsoft 365 & Azure best practices, cloud security insights, and expert tips from the team at dotparc.\",\"breadcrumb\":{\"@id\":\"https:\\\/\\\/www.dotparc.com\\\/en\\\/blog\\\/#breadcrumb\"},\"inLanguage\":\"en-US\",\"potentialAction\":[{\"@type\":\"ReadAction\",\"target\":[\"https:\\\/\\\/www.dotparc.com\\\/en\\\/blog\\\/\"]}]},{\"@type\":\"BreadcrumbList\",\"@id\":\"https:\\\/\\\/www.dotparc.com\\\/en\\\/blog\\\/#breadcrumb\",\"itemListElement\":[{\"@type\":\"ListItem\",\"position\":1,\"name\":\"Home\",\"item\":\"https:\\\/\\\/www.dotparc.com\\\/en\\\/\"},{\"@type\":\"ListItem\",\"position\":2,\"name\":\"BLOG\"}]},{\"@type\":\"WebSite\",\"@id\":\"https:\\\/\\\/www.dotparc.com\\\/en\\\/#website\",\"url\":\"https:\\\/\\\/www.dotparc.com\\\/en\\\/\",\"name\":\"dotparc\",\"description\":\"IT GmbH\",\"publisher\":{\"@id\":\"https:\\\/\\\/www.dotparc.com\\\/en\\\/#organization\"},\"alternateName\":\"dotparc\",\"potentialAction\":[{\"@type\":\"SearchAction\",\"target\":{\"@type\":\"EntryPoint\",\"urlTemplate\":\"https:\\\/\\\/www.dotparc.com\\\/en\\\/?s={search_term_string}\"},\"query-input\":{\"@type\":\"PropertyValueSpecification\",\"valueRequired\":true,\"valueName\":\"search_term_string\"}}],\"inLanguage\":\"en-US\"},{\"@type\":\"Organization\",\"@id\":\"https:\\\/\\\/www.dotparc.com\\\/en\\\/#organization\",\"name\":\"dotparc\",\"alternateName\":\"dotparc\",\"url\":\"https:\\\/\\\/www.dotparc.com\\\/en\\\/\",\"logo\":{\"@type\":\"ImageObject\",\"inLanguage\":\"en-US\",\"@id\":\"https:\\\/\\\/www.dotparc.com\\\/en\\\/#\\\/schema\\\/logo\\\/image\\\/\",\"url\":\"https:\\\/\\\/www.dotparc.com\\\/wp-content\\\/uploads\\\/2025\\\/05\\\/dotparc_Logo_2025.png\",\"contentUrl\":\"https:\\\/\\\/www.dotparc.com\\\/wp-content\\\/uploads\\\/2025\\\/05\\\/dotparc_Logo_2025.png\",\"width\":2360,\"height\":498,\"caption\":\"dotparc\"},\"image\":{\"@id\":\"https:\\\/\\\/www.dotparc.com\\\/en\\\/#\\\/schema\\\/logo\\\/image\\\/\"},\"sameAs\":[\"https:\\\/\\\/www.facebook.com\\\/dotparc\",\"https:\\\/\\\/www.instagram.com\\\/dotparc\\\/\",\"https:\\\/\\\/www.linkedin.com\\\/company\\\/dotparc\\\/\"]}]}<\/script>\n<!-- \/ Yoast SEO plugin. -->","yoast_head_json":{"title":"dotparc IT Blog | Insights, Tips & Trends in Digital Architecture","description":"Discover IT trends, Microsoft 365 & Azure best practices, cloud security insights, and expert tips from the team at dotparc.","robots":{"index":"index","follow":"follow","max-snippet":"max-snippet:-1","max-image-preview":"max-image-preview:large","max-video-preview":"max-video-preview:-1"},"canonical":"https:\/\/www.dotparc.com\/en\/blog\/","twitter_card":"summary_large_image","twitter_title":"dotparc IT Blog | Insights, Tips & Trends in Digital Architecture","twitter_description":"Discover IT trends, Microsoft 365 & Azure best practices, cloud security insights, and expert tips from the team at dotparc.","twitter_misc":{"Est. reading time":"4 minutes"},"schema":{"@context":"https:\/\/schema.org","@graph":[{"@type":"WebPage","@id":"https:\/\/www.dotparc.com\/en\/blog\/","url":"https:\/\/www.dotparc.com\/en\/blog\/","name":"dotparc IT Blog | Insights, Tips & Trends in Digital Architecture","isPartOf":{"@id":"https:\/\/www.dotparc.com\/en\/#website"},"datePublished":"2025-06-03T10:32:49+00:00","dateModified":"2026-04-23T09:36:59+00:00","description":"Discover IT trends, Microsoft 365 & Azure best practices, cloud security insights, and expert tips from the team at dotparc.","breadcrumb":{"@id":"https:\/\/www.dotparc.com\/en\/blog\/#breadcrumb"},"inLanguage":"en-US","potentialAction":[{"@type":"ReadAction","target":["https:\/\/www.dotparc.com\/en\/blog\/"]}]},{"@type":"BreadcrumbList","@id":"https:\/\/www.dotparc.com\/en\/blog\/#breadcrumb","itemListElement":[{"@type":"ListItem","position":1,"name":"Home","item":"https:\/\/www.dotparc.com\/en\/"},{"@type":"ListItem","position":2,"name":"BLOG"}]},{"@type":"WebSite","@id":"https:\/\/www.dotparc.com\/en\/#website","url":"https:\/\/www.dotparc.com\/en\/","name":"dotparc","description":"IT GmbH","publisher":{"@id":"https:\/\/www.dotparc.com\/en\/#organization"},"alternateName":"dotparc","potentialAction":[{"@type":"SearchAction","target":{"@type":"EntryPoint","urlTemplate":"https:\/\/www.dotparc.com\/en\/?s={search_term_string}"},"query-input":{"@type":"PropertyValueSpecification","valueRequired":true,"valueName":"search_term_string"}}],"inLanguage":"en-US"},{"@type":"Organization","@id":"https:\/\/www.dotparc.com\/en\/#organization","name":"dotparc","alternateName":"dotparc","url":"https:\/\/www.dotparc.com\/en\/","logo":{"@type":"ImageObject","inLanguage":"en-US","@id":"https:\/\/www.dotparc.com\/en\/#\/schema\/logo\/image\/","url":"https:\/\/www.dotparc.com\/wp-content\/uploads\/2025\/05\/dotparc_Logo_2025.png","contentUrl":"https:\/\/www.dotparc.com\/wp-content\/uploads\/2025\/05\/dotparc_Logo_2025.png","width":2360,"height":498,"caption":"dotparc"},"image":{"@id":"https:\/\/www.dotparc.com\/en\/#\/schema\/logo\/image\/"},"sameAs":["https:\/\/www.facebook.com\/dotparc","https:\/\/www.instagram.com\/dotparc\/","https:\/\/www.linkedin.com\/company\/dotparc\/"]}]}},"_links":{"self":[{"href":"https:\/\/www.dotparc.com\/en\/wp-json\/wp\/v2\/pages\/7866","targetHints":{"allow":["GET"]}}],"collection":[{"href":"https:\/\/www.dotparc.com\/en\/wp-json\/wp\/v2\/pages"}],"about":[{"href":"https:\/\/www.dotparc.com\/en\/wp-json\/wp\/v2\/types\/page"}],"author":[{"embeddable":true,"href":"https:\/\/www.dotparc.com\/en\/wp-json\/wp\/v2\/users\/2"}],"replies":[{"embeddable":true,"href":"https:\/\/www.dotparc.com\/en\/wp-json\/wp\/v2\/comments?post=7866"}],"version-history":[{"count":0,"href":"https:\/\/www.dotparc.com\/en\/wp-json\/wp\/v2\/pages\/7866\/revisions"}],"wp:attachment":[{"href":"https:\/\/www.dotparc.com\/en\/wp-json\/wp\/v2\/media?parent=7866"}],"curies":[{"name":"wp","href":"https:\/\/api.w.org\/{rel}","templated":true}]}}