{"id":5724,"date":"2025-03-21T13:42:05","date_gmt":"2025-03-21T12:42:05","guid":{"rendered":"https:\/\/www.dotparc.com\/?page_id=5724"},"modified":"2025-03-21T13:42:10","modified_gmt":"2025-03-21T12:42:10","slug":"legal-notes","status":"publish","type":"page","link":"https:\/\/www.dotparc.com\/en\/legal-notes\/","title":{"rendered":"Legal Notes"},"content":{"rendered":"<div id=\"fb-root\"><\/div>\n<p>[et_pb_section fb_built=&#8221;1&#8243; fullwidth=&#8221;on&#8221; _builder_version=&#8221;4.16&#8243; global_colors_info=&#8221;{}&#8221;][et_pb_fullwidth_header title=&#8221;Legal Notes&#8221; subhead=&#8221;Copyright \u00a9 dotparc IT GmbH, Austria&#8221; _builder_version=&#8221;4.27.4&#8243; title_font_size=&#8221;36px&#8221; subhead_font_size=&#8221;22px&#8221; subhead_line_height=&#8221;1.3em&#8221; background_color=&#8221;#0d519e&#8221; max_width_tablet=&#8221;50px&#8221; hover_enabled=&#8221;0&#8243; global_colors_info=&#8221;{}&#8221; button_one_text_size__hover_enabled=&#8221;off&#8221; button_two_text_size__hover_enabled=&#8221;off&#8221; button_one_text_color__hover_enabled=&#8221;off&#8221; button_two_text_color__hover_enabled=&#8221;off&#8221; button_one_border_width__hover_enabled=&#8221;off&#8221; button_two_border_width__hover_enabled=&#8221;off&#8221; button_one_border_color__hover_enabled=&#8221;off&#8221; button_two_border_color__hover_enabled=&#8221;off&#8221; button_one_border_radius__hover_enabled=&#8221;off&#8221; button_two_border_radius__hover_enabled=&#8221;off&#8221; button_one_letter_spacing__hover_enabled=&#8221;off&#8221; button_two_letter_spacing__hover_enabled=&#8221;off&#8221; button_one_bg_color__hover_enabled=&#8221;off&#8221; button_two_bg_color__hover_enabled=&#8221;off&#8221; admin_label=&#8221;Legal Notes&#8221; sticky_enabled=&#8221;0&#8243;][\/et_pb_fullwidth_header][\/et_pb_section][et_pb_section fb_built=&#8221;1&#8243; admin_label=&#8221;section&#8221; _builder_version=&#8221;4.16&#8243; global_colors_info=&#8221;{}&#8221;][et_pb_row column_structure=&#8221;3_4,1_4&#8243; _builder_version=&#8221;4.16&#8243; background_size=&#8221;initial&#8221; background_position=&#8221;top_left&#8221; background_repeat=&#8221;repeat&#8221; global_colors_info=&#8221;{}&#8221;][et_pb_column type=&#8221;3_4&#8243; _builder_version=&#8221;4.16&#8243; custom_padding=&#8221;|||&#8221; global_colors_info=&#8221;{}&#8221; custom_padding__hover=&#8221;|||&#8221;][et_pb_text _builder_version=&#8221;4.27.4&#8243; background_size=&#8221;initial&#8221; background_position=&#8221;top_left&#8221; background_repeat=&#8221;repeat&#8221; text_orientation=&#8221;justified&#8221; module_alignment=&#8221;left&#8221; hover_enabled=&#8221;0&#8243; use_border_color=&#8221;off&#8221; global_colors_info=&#8221;{}&#8221; sticky_enabled=&#8221;0&#8243;]All rights reserved. The reproduction of texts, graphics or data from this website including their storage or utilisation on any optical and\/or electronic data carriers is prohibited without the prior written permission by dotparc IT GmbH, Austria.<\/p>\n<p>DOTPARC AND\/OR ITS SUPPLIERS MAKE NO COMMENTS ON THE FITNESS OF INFORMATION PROVIDED ON THIS WEBSITE FOR ANY PARTICULAR PURPOSE. ALL INFORMATION IS MADE AVAILABLE WITHOUT ANY GUARANTEE OR WARRANTY OF ANY KIND. DOTPARC RESERVES THE RIGHT TO MAKE MODIFICATIONS TO THE SUPPLIED CONTENT, GRAPHICS, AND DATA AT ANY TIME WITHOUT PRIOR NOTIFICATION. DOTPARC AND\/OR ITS SUPPLIERS SHALL IN NO EVENT BE MADE LIABLE FOR ANY SPECIFIC OR INDIRECT DAMAGES, CONSEQUENTIAL DAMAGES OR ANY OTHER DAMAGES ARISING FROM LOSS OF USE, LOSS OF DATA OR LOSS OF PROFITS &#8211; WHETHER BY CONTRACTUAL USE OR BY NEGLIGENCE, OR BY ANY OTHER PROHIBITED ACT- AS A RESULT OF OR IN CONNECTION WITH THE USE OF INFORMATION AVAILABLE ON THIS WEBSITE.<br \/>\n[\/et_pb_text][\/et_pb_column][et_pb_column type=&#8221;1_4&#8243; _builder_version=&#8221;4.16&#8243; custom_padding=&#8221;|||&#8221; global_colors_info=&#8221;{}&#8221; custom_padding__hover=&#8221;|||&#8221;][et_pb_sidebar orientation=&#8221;right&#8221; area=&#8221;et_pb_widget_area_1&#8243; _builder_version=&#8221;4.16&#8243; global_colors_info=&#8221;{}&#8221;][\/et_pb_sidebar][\/et_pb_column][\/et_pb_row][\/et_pb_section]<\/p>\n","protected":false},"excerpt":{"rendered":"<p>All rights reserved. The reproduction of texts, graphics or data from this website including their storage or utilisation on any optical and\/or electronic data carriers is prohibited without the prior written permission by dotparc IT GmbH, Austria. DOTPARC AND\/OR ITS SUPPLIERS MAKE NO COMMENTS ON THE FITNESS OF INFORMATION PROVIDED ON THIS WEBSITE FOR ANY [&hellip;]<\/p>\n","protected":false},"author":1,"featured_media":0,"parent":0,"menu_order":31,"comment_status":"closed","ping_status":"closed","template":"","meta":{"_et_pb_use_builder":"on","_et_pb_old_content":"[et_pb_section fb_built=\"1\" fullwidth=\"on\" _builder_version=\"4.16\" global_colors_info=\"{}\"][et_pb_fullwidth_header title=\"Rechtliche Hinweise\" subhead=\"Copyright \u00a9 dotparc IT GmbH, Austria\" _builder_version=\"4.16\" title_font_size=\"36px\" subhead_font_size=\"22px\" subhead_line_height=\"1.3em\" background_color=\"#0d519e\" max_width_tablet=\"50px\" global_colors_info=\"{}\" button_one_text_size__hover_enabled=\"off\" button_two_text_size__hover_enabled=\"off\" button_one_text_color__hover_enabled=\"off\" button_two_text_color__hover_enabled=\"off\" button_one_border_width__hover_enabled=\"off\" button_two_border_width__hover_enabled=\"off\" button_one_border_color__hover_enabled=\"off\" button_two_border_color__hover_enabled=\"off\" button_one_border_radius__hover_enabled=\"off\" button_two_border_radius__hover_enabled=\"off\" button_one_letter_spacing__hover_enabled=\"off\" button_two_letter_spacing__hover_enabled=\"off\" button_one_bg_color__hover_enabled=\"off\" button_two_bg_color__hover_enabled=\"off\"][\/et_pb_fullwidth_header][\/et_pb_section][et_pb_section fb_built=\"1\" admin_label=\"section\" _builder_version=\"4.16\" global_colors_info=\"{}\"][et_pb_row _builder_version=\"4.16\" background_size=\"initial\" background_position=\"top_left\" background_repeat=\"repeat\" global_colors_info=\"{}\" column_structure=\"3_4,1_4\"][et_pb_column type=\"3_4\" _builder_version=\"4.16\" custom_padding=\"|||\" global_colors_info=\"{}\" custom_padding__hover=\"|||\"][et_pb_text _builder_version=\"4.23.1\" background_size=\"initial\" background_position=\"top_left\" background_repeat=\"repeat\" text_orientation=\"justified\" module_alignment=\"left\" hover_enabled=\"0\" use_border_color=\"off\" global_colors_info=\"{}\" sticky_enabled=\"0\"]<p>Alle Rechte vorbehalten. Die Vervielf\u00e4ltigung von Texten, Grafiken und Daten von dieser Website einschlie\u00dflich Speicherung und Nutzung auf optischen und\/oder elektronischen Datentr\u00e4gern ist nur mit vorheriger schriftlicher Zustimmung von dotparc IT Gmbh, Austria, gestattet.<\/p>\r\n<p>DOTPARC UND\/ODER DEREN LIEFERANTEN MACHEN KEINE ANGABEN ZUR EIGNUNG DER AUF DIESER WEBSITE ENTHALTENEN INFORMATIONEN ZU EINEM BESTIMMTEN ZWECK. ALLE INFORMATIONEN WERDEN OHNE GEW\u00c4HRLEISTUNG JEGLICHER ART ZUR VERF\u00dcGUNG GESTELLT. DOTPARC BEH\u00c4LT SICH DAS RECHT VOR, DIE ANGEGEBENEN TEXTE, GRAFIKEN UND DATEN JEDERZEIT OHNE VORHERIGE MITTEILUNG \u00c4NDERN ZU K\u00d6NNEN. IN KEINEM FALL K\u00d6NNEN DOTPARC UND\/ODER DEREN LIEFERANTEN HAFTBAR GEMACHT WERDEN F\u00dcR BESONDERE ODER INDIREKTE SCH\u00c4DEN, FOLGESCH\u00c4DEN ODER SONSTIGE SCH\u00c4DEN, DIE AUS NUTZUNGSAUSFALL, VERLUST VON DATEN ODER ENTGANGENEM GEWINN RESULTIEREN \u2013 SEI ES BEI VERTRAGSGEM\u00c4SSER NUTZUNG ODER DURCH NACHL\u00c4SSIGKEIT ODER SONSTIGE UNERLAUBTE HANDLUNG \u2013 UND DURCH DIE ODER IM ZUSAMMENHANG MIT DER VERWENDUNG VON AUF DIESER WEBSITE VERF\u00dcGBAREN INFORMATIONEN ENTSTANDEN SIND.<\/p>[\/et_pb_text][\/et_pb_column][et_pb_column type=\"1_4\" _builder_version=\"4.16\" custom_padding=\"|||\" global_colors_info=\"{}\" custom_padding__hover=\"|||\"][et_pb_sidebar orientation=\"right\" area=\"et_pb_widget_area_1\" _builder_version=\"4.16\" global_colors_info=\"{}\"][\/et_pb_sidebar][\/et_pb_column][\/et_pb_row][\/et_pb_section]","_et_gb_content_width":"","footnotes":""},"class_list":["post-5724","page","type-page","status-publish","hentry"],"yoast_head":"<!-- This site is optimized with the Yoast SEO plugin v27.2 - https:\/\/yoast.com\/product\/yoast-seo-wordpress\/ -->\n<title>Legal Notes | dotparc<\/title>\n<meta name=\"robots\" content=\"index, follow, max-snippet:-1, max-image-preview:large, max-video-preview:-1\" \/>\n<link rel=\"canonical\" href=\"https:\/\/www.dotparc.com\/en\/legal-notes\/\" \/>\n<meta name=\"twitter:card\" content=\"summary_large_image\" \/>\n<meta name=\"twitter:title\" content=\"Legal Notes | dotparc\" \/>\n<meta name=\"twitter:description\" content=\"All rights reserved. The reproduction of texts, graphics or data from this website including their storage or utilisation on any optical and\/or electronic data carriers is prohibited without the prior written permission by dotparc IT GmbH, Austria. DOTPARC AND\/OR ITS SUPPLIERS MAKE NO COMMENTS ON THE FITNESS OF INFORMATION PROVIDED ON THIS WEBSITE FOR ANY [&hellip;]\" \/>\n<meta name=\"twitter:label1\" content=\"Est. reading time\" \/>\n\t<meta name=\"twitter:data1\" content=\"2 minutes\" \/>\n<script type=\"application\/ld+json\" class=\"yoast-schema-graph\">{\"@context\":\"https:\/\/schema.org\",\"@graph\":[{\"@type\":\"WebPage\",\"@id\":\"https:\/\/www.dotparc.com\/en\/legal-notes\/\",\"url\":\"https:\/\/www.dotparc.com\/en\/legal-notes\/\",\"name\":\"Legal Notes | dotparc\",\"isPartOf\":{\"@id\":\"https:\/\/www.dotparc.com\/en\/#website\"},\"datePublished\":\"2025-03-21T12:42:05+00:00\",\"dateModified\":\"2025-03-21T12:42:10+00:00\",\"breadcrumb\":{\"@id\":\"https:\/\/www.dotparc.com\/en\/legal-notes\/#breadcrumb\"},\"inLanguage\":\"en-US\",\"potentialAction\":[{\"@type\":\"ReadAction\",\"target\":[\"https:\/\/www.dotparc.com\/en\/legal-notes\/\"]}]},{\"@type\":\"BreadcrumbList\",\"@id\":\"https:\/\/www.dotparc.com\/en\/legal-notes\/#breadcrumb\",\"itemListElement\":[{\"@type\":\"ListItem\",\"position\":1,\"name\":\"Home\",\"item\":\"https:\/\/www.dotparc.com\/en\/\"},{\"@type\":\"ListItem\",\"position\":2,\"name\":\"Legal Notes\"}]},{\"@type\":\"WebSite\",\"@id\":\"https:\/\/www.dotparc.com\/en\/#website\",\"url\":\"https:\/\/www.dotparc.com\/en\/\",\"name\":\"dotparc\",\"description\":\"IT GmbH\",\"publisher\":{\"@id\":\"https:\/\/www.dotparc.com\/en\/#organization\"},\"alternateName\":\"dotparc\",\"potentialAction\":[{\"@type\":\"SearchAction\",\"target\":{\"@type\":\"EntryPoint\",\"urlTemplate\":\"https:\/\/www.dotparc.com\/en\/?s={search_term_string}\"},\"query-input\":{\"@type\":\"PropertyValueSpecification\",\"valueRequired\":true,\"valueName\":\"search_term_string\"}}],\"inLanguage\":\"en-US\"},{\"@type\":\"Organization\",\"@id\":\"https:\/\/www.dotparc.com\/en\/#organization\",\"name\":\"dotparc\",\"alternateName\":\"dotparc\",\"url\":\"https:\/\/www.dotparc.com\/en\/\",\"logo\":{\"@type\":\"ImageObject\",\"inLanguage\":\"en-US\",\"@id\":\"https:\/\/www.dotparc.com\/en\/#\/schema\/logo\/image\/\",\"url\":\"https:\/\/www.dotparc.com\/wp-content\/uploads\/2025\/05\/dotparc_Logo_2025.png\",\"contentUrl\":\"https:\/\/www.dotparc.com\/wp-content\/uploads\/2025\/05\/dotparc_Logo_2025.png\",\"width\":2360,\"height\":498,\"caption\":\"dotparc\"},\"image\":{\"@id\":\"https:\/\/www.dotparc.com\/en\/#\/schema\/logo\/image\/\"},\"sameAs\":[\"https:\/\/www.facebook.com\/dotparc\",\"https:\/\/www.instagram.com\/dotparc\/\",\"https:\/\/www.linkedin.com\/company\/dotparc\/\"]}]}<\/script>\n<!-- \/ Yoast SEO plugin. -->","yoast_head_json":{"title":"Legal Notes | dotparc","robots":{"index":"index","follow":"follow","max-snippet":"max-snippet:-1","max-image-preview":"max-image-preview:large","max-video-preview":"max-video-preview:-1"},"canonical":"https:\/\/www.dotparc.com\/en\/legal-notes\/","twitter_card":"summary_large_image","twitter_title":"Legal Notes | dotparc","twitter_description":"All rights reserved. The reproduction of texts, graphics or data from this website including their storage or utilisation on any optical and\/or electronic data carriers is prohibited without the prior written permission by dotparc IT GmbH, Austria. DOTPARC AND\/OR ITS SUPPLIERS MAKE NO COMMENTS ON THE FITNESS OF INFORMATION PROVIDED ON THIS WEBSITE FOR ANY [&hellip;]","twitter_misc":{"Est. reading time":"2 minutes"},"schema":{"@context":"https:\/\/schema.org","@graph":[{"@type":"WebPage","@id":"https:\/\/www.dotparc.com\/en\/legal-notes\/","url":"https:\/\/www.dotparc.com\/en\/legal-notes\/","name":"Legal Notes | dotparc","isPartOf":{"@id":"https:\/\/www.dotparc.com\/en\/#website"},"datePublished":"2025-03-21T12:42:05+00:00","dateModified":"2025-03-21T12:42:10+00:00","breadcrumb":{"@id":"https:\/\/www.dotparc.com\/en\/legal-notes\/#breadcrumb"},"inLanguage":"en-US","potentialAction":[{"@type":"ReadAction","target":["https:\/\/www.dotparc.com\/en\/legal-notes\/"]}]},{"@type":"BreadcrumbList","@id":"https:\/\/www.dotparc.com\/en\/legal-notes\/#breadcrumb","itemListElement":[{"@type":"ListItem","position":1,"name":"Home","item":"https:\/\/www.dotparc.com\/en\/"},{"@type":"ListItem","position":2,"name":"Legal Notes"}]},{"@type":"WebSite","@id":"https:\/\/www.dotparc.com\/en\/#website","url":"https:\/\/www.dotparc.com\/en\/","name":"dotparc","description":"IT GmbH","publisher":{"@id":"https:\/\/www.dotparc.com\/en\/#organization"},"alternateName":"dotparc","potentialAction":[{"@type":"SearchAction","target":{"@type":"EntryPoint","urlTemplate":"https:\/\/www.dotparc.com\/en\/?s={search_term_string}"},"query-input":{"@type":"PropertyValueSpecification","valueRequired":true,"valueName":"search_term_string"}}],"inLanguage":"en-US"},{"@type":"Organization","@id":"https:\/\/www.dotparc.com\/en\/#organization","name":"dotparc","alternateName":"dotparc","url":"https:\/\/www.dotparc.com\/en\/","logo":{"@type":"ImageObject","inLanguage":"en-US","@id":"https:\/\/www.dotparc.com\/en\/#\/schema\/logo\/image\/","url":"https:\/\/www.dotparc.com\/wp-content\/uploads\/2025\/05\/dotparc_Logo_2025.png","contentUrl":"https:\/\/www.dotparc.com\/wp-content\/uploads\/2025\/05\/dotparc_Logo_2025.png","width":2360,"height":498,"caption":"dotparc"},"image":{"@id":"https:\/\/www.dotparc.com\/en\/#\/schema\/logo\/image\/"},"sameAs":["https:\/\/www.facebook.com\/dotparc","https:\/\/www.instagram.com\/dotparc\/","https:\/\/www.linkedin.com\/company\/dotparc\/"]}]}},"_links":{"self":[{"href":"https:\/\/www.dotparc.com\/en\/wp-json\/wp\/v2\/pages\/5724","targetHints":{"allow":["GET"]}}],"collection":[{"href":"https:\/\/www.dotparc.com\/en\/wp-json\/wp\/v2\/pages"}],"about":[{"href":"https:\/\/www.dotparc.com\/en\/wp-json\/wp\/v2\/types\/page"}],"author":[{"embeddable":true,"href":"https:\/\/www.dotparc.com\/en\/wp-json\/wp\/v2\/users\/1"}],"replies":[{"embeddable":true,"href":"https:\/\/www.dotparc.com\/en\/wp-json\/wp\/v2\/comments?post=5724"}],"version-history":[{"count":0,"href":"https:\/\/www.dotparc.com\/en\/wp-json\/wp\/v2\/pages\/5724\/revisions"}],"wp:attachment":[{"href":"https:\/\/www.dotparc.com\/en\/wp-json\/wp\/v2\/media?parent=5724"}],"curies":[{"name":"wp","href":"https:\/\/api.w.org\/{rel}","templated":true}]}}