{"id":5672,"date":"2025-03-21T13:08:01","date_gmt":"2025-03-21T12:08:01","guid":{"rendered":"https:\/\/www.dotparc.com\/?page_id=5672"},"modified":"2025-08-11T13:04:48","modified_gmt":"2025-08-11T11:04:48","slug":"contact","status":"publish","type":"page","link":"https:\/\/www.dotparc.com\/en\/contact\/","title":{"rendered":"Contact"},"content":{"rendered":"<div id=\"fb-root\"><\/div>\n<p>[et_pb_section fb_built=&#8221;1&#8243; fullwidth=&#8221;on&#8221; _builder_version=&#8221;4.16&#8243; global_colors_info=&#8221;{}&#8221;][et_pb_fullwidth_map address=&#8221;Lerchenfeldstra\u00dfe 37, 9020 Klagenfurt am W\u00f6rthersee, \u00d6sterreich&#8221; zoom_level=&#8221;13&#8243; address_lat=&#8221;46.6273782&#8243; address_lng=&#8221;14.297597200000041&#8243; mouse_wheel=&#8221;off&#8221; _builder_version=&#8221;4.23.1&#8243; child_filter_saturate=&#8221;0%&#8221; global_colors_info=&#8221;{}&#8221;][et_pb_map_pin title=&#8221;dotparc IT GmbH&#8221; pin_address=&#8221;Lerchenfeldstra\u00dfe 37, 9020 Klagenfurt am W\u00f6rthersee, \u00d6sterreich&#8221; pin_address_lat=&#8221;46.6273782&#8243; pin_address_lng=&#8221;14.297597200000041&#8243; _builder_version=&#8221;4.23.1&#8243; global_colors_info=&#8221;{}&#8221;][\/et_pb_map_pin][\/et_pb_fullwidth_map][\/et_pb_section][et_pb_section fb_built=&#8221;1&#8243; admin_label=&#8221;section&#8221; _builder_version=&#8221;4.16&#8243; global_colors_info=&#8221;{}&#8221;][et_pb_row _builder_version=&#8221;4.16&#8243; background_size=&#8221;initial&#8221; background_position=&#8221;top_left&#8221; background_repeat=&#8221;repeat&#8221; global_colors_info=&#8221;{}&#8221;][et_pb_column type=&#8221;4_4&#8243; _builder_version=&#8221;4.16&#8243; custom_padding=&#8221;|||&#8221; global_colors_info=&#8221;{}&#8221; custom_padding__hover=&#8221;|||&#8221;][et_pb_text admin_label=&#8221;How to reach us&#8221; _builder_version=&#8221;4.27.4&#8243; global_colors_info=&#8221;{}&#8221;]<\/p>\n<h1>How to reach us<\/h1>\n<p>[\/et_pb_text][\/et_pb_column][\/et_pb_row][et_pb_row column_structure=&#8221;1_2,1_2&#8243; use_custom_gutter=&#8221;on&#8221; gutter_width=&#8221;4&#8243; _builder_version=&#8221;4.16&#8243; background_size=&#8221;initial&#8221; background_position=&#8221;top_left&#8221; background_repeat=&#8221;repeat&#8221; global_colors_info=&#8221;{}&#8221;][et_pb_column type=&#8221;1_2&#8243; _builder_version=&#8221;4.16&#8243; custom_padding=&#8221;|||&#8221; global_colors_info=&#8221;{}&#8221; custom_padding__hover=&#8221;|||&#8221;][et_pb_text _builder_version=&#8221;4.27.4&#8243; text_font_size=&#8221;16px&#8221; text_line_height=&#8221;1.5em&#8221; background_size=&#8221;initial&#8221; background_position=&#8221;top_left&#8221; background_repeat=&#8221;repeat&#8221; text_orientation=&#8221;justified&#8221; use_border_color=&#8221;off&#8221; global_colors_info=&#8221;{}&#8221;]The easiest way to contact us and find the right person is to fill out and submit the form below. We will forward your inquiry to the appropriate employee, who will then get back to you promptly.<\/p>\n<p>Alternatively, you can find our current contact details on the right. Our staff will be happy to assist you and address your concerns.[\/et_pb_text][et_pb_contact_form use_spam_service=&#8221;on&#8221; recaptcha_list=&#8221;Google ReCaptcha-0&#8243; email=&#8221;office@dotparc.com&#8221; title=&#8221;Contact form&#8221; custom_message=&#8221;%%Name%%||et_pb_line_break_holder||%%Email%%||et_pb_line_break_holder||||et_pb_line_break_holder||%%Message%%&#8221; _builder_version=&#8221;4.27.4&#8243; _unique_id=&#8221;d9b94bc5-7a4a-4b08-a286-935a8dc77bb5&#8243; use_border_color=&#8221;off&#8221; global_colors_info=&#8221;{}&#8221;][et_pb_contact_field field_id=&#8221;Name&#8221; field_title=&#8221;Name&#8221; _builder_version=&#8221;4.27.4&#8243; global_colors_info=&#8221;{}&#8221; button_text_size__hover_enabled=&#8221;off&#8221; button_one_text_size__hover_enabled=&#8221;off&#8221; button_two_text_size__hover_enabled=&#8221;off&#8221; button_text_color__hover_enabled=&#8221;off&#8221; button_one_text_color__hover_enabled=&#8221;off&#8221; button_two_text_color__hover_enabled=&#8221;off&#8221; button_border_width__hover_enabled=&#8221;off&#8221; button_one_border_width__hover_enabled=&#8221;off&#8221; button_two_border_width__hover_enabled=&#8221;off&#8221; button_border_color__hover_enabled=&#8221;off&#8221; button_one_border_color__hover_enabled=&#8221;off&#8221; button_two_border_color__hover_enabled=&#8221;off&#8221; button_border_radius__hover_enabled=&#8221;off&#8221; button_one_border_radius__hover_enabled=&#8221;off&#8221; button_two_border_radius__hover_enabled=&#8221;off&#8221; button_letter_spacing__hover_enabled=&#8221;off&#8221; button_one_letter_spacing__hover_enabled=&#8221;off&#8221; button_two_letter_spacing__hover_enabled=&#8221;off&#8221; button_bg_color__hover_enabled=&#8221;off&#8221; button_one_bg_color__hover_enabled=&#8221;off&#8221; button_two_bg_color__hover_enabled=&#8221;off&#8221;][\/et_pb_contact_field][et_pb_contact_field field_id=&#8221;Email&#8221; field_title=&#8221;E-Mail-Adresse&#8221; field_type=&#8221;email&#8221; _builder_version=&#8221;4.16&#8243; global_colors_info=&#8221;{}&#8221; button_text_size__hover_enabled=&#8221;off&#8221; button_one_text_size__hover_enabled=&#8221;off&#8221; button_two_text_size__hover_enabled=&#8221;off&#8221; button_text_color__hover_enabled=&#8221;off&#8221; button_one_text_color__hover_enabled=&#8221;off&#8221; button_two_text_color__hover_enabled=&#8221;off&#8221; button_border_width__hover_enabled=&#8221;off&#8221; button_one_border_width__hover_enabled=&#8221;off&#8221; button_two_border_width__hover_enabled=&#8221;off&#8221; button_border_color__hover_enabled=&#8221;off&#8221; button_one_border_color__hover_enabled=&#8221;off&#8221; button_two_border_color__hover_enabled=&#8221;off&#8221; button_border_radius__hover_enabled=&#8221;off&#8221; button_one_border_radius__hover_enabled=&#8221;off&#8221; button_two_border_radius__hover_enabled=&#8221;off&#8221; button_letter_spacing__hover_enabled=&#8221;off&#8221; button_one_letter_spacing__hover_enabled=&#8221;off&#8221; button_two_letter_spacing__hover_enabled=&#8221;off&#8221; button_bg_color__hover_enabled=&#8221;off&#8221; button_one_bg_color__hover_enabled=&#8221;off&#8221; button_two_bg_color__hover_enabled=&#8221;off&#8221;][\/et_pb_contact_field][et_pb_contact_field field_id=&#8221;Message&#8221; field_title=&#8221;Message&#8221; field_type=&#8221;text&#8221; fullwidth_field=&#8221;on&#8221; _builder_version=&#8221;4.27.4&#8243; global_colors_info=&#8221;{}&#8221; button_text_size__hover_enabled=&#8221;off&#8221; button_one_text_size__hover_enabled=&#8221;off&#8221; button_two_text_size__hover_enabled=&#8221;off&#8221; button_text_color__hover_enabled=&#8221;off&#8221; button_one_text_color__hover_enabled=&#8221;off&#8221; button_two_text_color__hover_enabled=&#8221;off&#8221; button_border_width__hover_enabled=&#8221;off&#8221; button_one_border_width__hover_enabled=&#8221;off&#8221; button_two_border_width__hover_enabled=&#8221;off&#8221; button_border_color__hover_enabled=&#8221;off&#8221; button_one_border_color__hover_enabled=&#8221;off&#8221; button_two_border_color__hover_enabled=&#8221;off&#8221; button_border_radius__hover_enabled=&#8221;off&#8221; button_one_border_radius__hover_enabled=&#8221;off&#8221; button_two_border_radius__hover_enabled=&#8221;off&#8221; button_letter_spacing__hover_enabled=&#8221;off&#8221; button_one_letter_spacing__hover_enabled=&#8221;off&#8221; button_two_letter_spacing__hover_enabled=&#8221;off&#8221; button_bg_color__hover_enabled=&#8221;off&#8221; button_one_bg_color__hover_enabled=&#8221;off&#8221; button_two_bg_color__hover_enabled=&#8221;off&#8221;][\/et_pb_contact_field][\/et_pb_contact_form][\/et_pb_column][et_pb_column type=&#8221;1_2&#8243; _builder_version=&#8221;4.16&#8243; custom_padding=&#8221;|||&#8221; global_colors_info=&#8221;{}&#8221; custom_padding__hover=&#8221;|||&#8221;][et_pb_image src=&#8221;https:\/\/www.dotparc.com\/wp-content\/uploads\/2025\/05\/dotparc_Logo_2025.png&#8221; alt=&#8221;dotparc LOGO&#8221; title_text=&#8221;dotparc_Logo_2025&#8243; align_tablet=&#8221;center&#8221; align_phone=&#8221;&#8221; align_last_edited=&#8221;on|desktop&#8221; _builder_version=&#8221;4.27.4&#8243; width=&#8221;60%&#8221; always_center_on_mobile=&#8221;on&#8221; global_colors_info=&#8221;{}&#8221;][\/et_pb_image][et_pb_divider show_divider=&#8221;off&#8221; _builder_version=&#8221;4.16&#8243; global_colors_info=&#8221;{}&#8221;][\/et_pb_divider][et_pb_text disabled_on=&#8221;on|off|off&#8221; _builder_version=&#8221;4.27.4&#8243; text_font_size=&#8221;16px&#8221; text_line_height=&#8221;1.5em&#8221; header_4_font=&#8221;||||||||&#8221; background_size=&#8221;initial&#8221; background_position=&#8221;top_left&#8221; background_repeat=&#8221;repeat&#8221; use_border_color=&#8221;off&#8221; global_colors_info=&#8221;{}&#8221;]<\/p>\n<p><strong>dotparc IT GmbH<\/strong><\/p>\n<p>Lerchenfeldstra\u00dfe 37<br \/>9020 Klagenfurt<br \/>Austria<\/p>\n<p><strong>E<\/strong> <a title=\"office@dotparc.com\" href=\"mailto:office@dotparc.com\">office@dotparc.com<\/a><br \/><strong>T<\/strong> <a href=\"tel:+434633050041\">+43 463 305 0041<\/a><br \/><strong>I<\/strong> <a title=\"www.dotparc.com\" href=\"http:\/\/www.dotparc.com\">www.dotparc.com<\/a><\/p>\n<p><strong>CEO:<\/strong> DI Michael Welz<br \/><strong>Company register number:<\/strong> FN 196183 f<br \/><strong>Commercial Register Court:<\/strong> Regional Court of Klagenfurt<br \/><strong>UID:<\/strong> ATU49701808<\/p>\n<p>[\/et_pb_text][et_pb_text disabled_on=&#8221;off|on|on&#8221; _builder_version=&#8221;4.27.4&#8243; text_font_size=&#8221;16px&#8221; text_line_height=&#8221;1.5em&#8221; background_size=&#8221;initial&#8221; background_position=&#8221;top_left&#8221; background_repeat=&#8221;repeat&#8221; use_border_color=&#8221;off&#8221; global_colors_info=&#8221;{}&#8221;]<\/p>\n<p><strong>dotparc IT GmbH<\/strong><\/p>\n<p>Lerchenfeldstra\u00dfe 37<br \/>9020 Klagenfurt<br \/>Austria<\/p>\n<p><strong>E<\/strong> <a title=\"office@dotparc.com\" href=\"mailto:office@dotparc.com\">office@dotparc.com<\/a><br \/><strong>T<\/strong> <a href=\"tel:+434633050041\">+43 463 305 0041<\/a><br \/><strong>I<\/strong> <a title=\"www.dotparc.com\" href=\"http:\/\/www.dotparc.com\">www.dotparc.com<\/a><\/p>\n<p><strong>CEO<\/strong><br \/>DI Michael Welz<\/p>\n<p><strong>Company register number<\/strong><br \/>FN 196183 f<\/p>\n<p><strong>Commercial Register Court<\/strong><br \/>Regional Court of Klagenfurt<\/p>\n<p><strong>UID<\/strong><br \/>ATU49701808<\/p>\n<p>[\/et_pb_text][\/et_pb_column][\/et_pb_row][\/et_pb_section]<\/p>\n","protected":false},"excerpt":{"rendered":"<p>How to reach usThe easiest way to contact us and find the right person is to fill out and submit the form below. We will forward your inquiry to the appropriate employee, who will then get back to you promptly. Alternatively, you can find our current contact details on the right. Our staff will be [&hellip;]<\/p>\n","protected":false},"author":1,"featured_media":0,"parent":0,"menu_order":30,"comment_status":"closed","ping_status":"closed","template":"","meta":{"_et_pb_use_builder":"on","_et_pb_old_content":"[et_pb_section fb_built=\"1\" fullwidth=\"on\" _builder_version=\"4.16\" global_colors_info=\"{}\"][et_pb_fullwidth_map address=\"Lerchenfeldstra\u00dfe 37, 9020 Klagenfurt am W\u00f6rthersee, \u00d6sterreich\" zoom_level=\"13\" address_lat=\"46.6273782\" address_lng=\"14.297597200000041\" mouse_wheel=\"off\" _builder_version=\"4.23.1\" child_filter_saturate=\"0%\" global_colors_info=\"{}\"][et_pb_map_pin title=\"dotparc IT GmbH\" pin_address=\"Lerchenfeldstra\u00dfe 37, 9020 Klagenfurt am W\u00f6rthersee, \u00d6sterreich\" pin_address_lat=\"46.6273782\" pin_address_lng=\"14.297597200000041\" _builder_version=\"4.23.1\" global_colors_info=\"{}\"][\/et_pb_map_pin][\/et_pb_fullwidth_map][\/et_pb_section][et_pb_section fb_built=\"1\" admin_label=\"section\" _builder_version=\"4.16\" global_colors_info=\"{}\"][et_pb_row _builder_version=\"4.16\" background_size=\"initial\" background_position=\"top_left\" background_repeat=\"repeat\" global_colors_info=\"{}\"][et_pb_column type=\"4_4\" _builder_version=\"4.16\" custom_padding=\"|||\" global_colors_info=\"{}\" custom_padding__hover=\"|||\"][et_pb_text _builder_version=\"4.16\" hover_enabled=\"0\" global_colors_info=\"{}\" sticky_enabled=\"0\"]<h1>So erreichen Sie uns<\/h1>\r\n[\/et_pb_text][\/et_pb_column][\/et_pb_row][et_pb_row column_structure=\"1_2,1_2\" use_custom_gutter=\"on\" gutter_width=\"4\" _builder_version=\"4.16\" background_size=\"initial\" background_position=\"top_left\" background_repeat=\"repeat\" global_colors_info=\"{}\"][et_pb_column type=\"1_2\" _builder_version=\"4.16\" custom_padding=\"|||\" global_colors_info=\"{}\" custom_padding__hover=\"|||\"][et_pb_text _builder_version=\"4.27.4\" text_font_size=\"16px\" background_size=\"initial\" background_position=\"top_left\" background_repeat=\"repeat\" text_orientation=\"justified\" hover_enabled=\"0\" use_border_color=\"off\" global_colors_info=\"{}\" text_line_height=\"1.3em\" sticky_enabled=\"0\"]Der einfachste Weg um uns zu kontaktieren und den richtigen Ansprechpartner zu finden ist es, nachfolgendes Formular auszuf\u00fcllen und abzuschicken. Wir leiten Ihre Anfrage sofort an den zust\u00e4ndigen Mitarbeiter weiter und dieser wird sich dann umgehend mit Ihnen in Verbindung setzen.\r\n\r\nAlternativ finden Sie rechts unsere aktuellen Kontaktdaten. Unsere Mitarbeiter helfen Ihnen gerne weiter und sind um Ihre Anliegen bem\u00fcht.\r\n[\/et_pb_text][et_pb_contact_form use_spam_service=\"on\" recaptcha_list=\"Google ReCaptcha-0\" email=\"office@dotparc.com\" title=\"Kontaktformular\" custom_message=\"%%Name%%||et_pb_line_break_holder||%%Email%%||et_pb_line_break_holder||||et_pb_line_break_holder||%%Message%%\" _builder_version=\"4.16\" _unique_id=\"d9b94bc5-7a4a-4b08-a286-935a8dc77bb5\" use_border_color=\"off\" global_colors_info=\"{}\"][et_pb_contact_field field_id=\"Name\" field_title=\"Name\" _builder_version=\"4.16\" global_colors_info=\"{}\" button_text_size__hover_enabled=\"off\" button_one_text_size__hover_enabled=\"off\" button_two_text_size__hover_enabled=\"off\" button_text_color__hover_enabled=\"off\" button_one_text_color__hover_enabled=\"off\" button_two_text_color__hover_enabled=\"off\" button_border_width__hover_enabled=\"off\" button_one_border_width__hover_enabled=\"off\" button_two_border_width__hover_enabled=\"off\" button_border_color__hover_enabled=\"off\" button_one_border_color__hover_enabled=\"off\" button_two_border_color__hover_enabled=\"off\" button_border_radius__hover_enabled=\"off\" button_one_border_radius__hover_enabled=\"off\" button_two_border_radius__hover_enabled=\"off\" button_letter_spacing__hover_enabled=\"off\" button_one_letter_spacing__hover_enabled=\"off\" button_two_letter_spacing__hover_enabled=\"off\" button_bg_color__hover_enabled=\"off\" button_one_bg_color__hover_enabled=\"off\" button_two_bg_color__hover_enabled=\"off\"][\/et_pb_contact_field][et_pb_contact_field field_id=\"Email\" field_title=\"E-Mail-Adresse\" field_type=\"email\" _builder_version=\"4.16\" global_colors_info=\"{}\" button_text_size__hover_enabled=\"off\" button_one_text_size__hover_enabled=\"off\" button_two_text_size__hover_enabled=\"off\" button_text_color__hover_enabled=\"off\" button_one_text_color__hover_enabled=\"off\" button_two_text_color__hover_enabled=\"off\" button_border_width__hover_enabled=\"off\" button_one_border_width__hover_enabled=\"off\" button_two_border_width__hover_enabled=\"off\" button_border_color__hover_enabled=\"off\" button_one_border_color__hover_enabled=\"off\" button_two_border_color__hover_enabled=\"off\" button_border_radius__hover_enabled=\"off\" button_one_border_radius__hover_enabled=\"off\" button_two_border_radius__hover_enabled=\"off\" button_letter_spacing__hover_enabled=\"off\" button_one_letter_spacing__hover_enabled=\"off\" button_two_letter_spacing__hover_enabled=\"off\" button_bg_color__hover_enabled=\"off\" button_one_bg_color__hover_enabled=\"off\" button_two_bg_color__hover_enabled=\"off\"][\/et_pb_contact_field][et_pb_contact_field field_id=\"Message\" field_title=\"Nachricht\" field_type=\"text\" fullwidth_field=\"on\" _builder_version=\"4.16\" global_colors_info=\"{}\" button_text_size__hover_enabled=\"off\" button_one_text_size__hover_enabled=\"off\" button_two_text_size__hover_enabled=\"off\" button_text_color__hover_enabled=\"off\" button_one_text_color__hover_enabled=\"off\" button_two_text_color__hover_enabled=\"off\" button_border_width__hover_enabled=\"off\" button_one_border_width__hover_enabled=\"off\" button_two_border_width__hover_enabled=\"off\" button_border_color__hover_enabled=\"off\" button_one_border_color__hover_enabled=\"off\" button_two_border_color__hover_enabled=\"off\" button_border_radius__hover_enabled=\"off\" button_one_border_radius__hover_enabled=\"off\" button_two_border_radius__hover_enabled=\"off\" button_letter_spacing__hover_enabled=\"off\" button_one_letter_spacing__hover_enabled=\"off\" button_two_letter_spacing__hover_enabled=\"off\" button_bg_color__hover_enabled=\"off\" button_one_bg_color__hover_enabled=\"off\" button_two_bg_color__hover_enabled=\"off\"][\/et_pb_contact_field][\/et_pb_contact_form][\/et_pb_column][et_pb_column type=\"1_2\" _builder_version=\"4.16\" custom_padding=\"|||\" global_colors_info=\"{}\" custom_padding__hover=\"|||\"][et_pb_image src=\"https:\/\/www.dotparc.com\/wp-content\/uploads\/2015\/09\/dp_logo.png\" align_tablet=\"center\" align_phone=\"\" align_last_edited=\"on|desktop\" _builder_version=\"4.16\" always_center_on_mobile=\"on\" global_colors_info=\"{}\"][\/et_pb_image][et_pb_divider show_divider=\"off\" _builder_version=\"4.16\" global_colors_info=\"{}\"][\/et_pb_divider][et_pb_text _builder_version=\"4.27.4\" text_font_size=\"16px\" background_size=\"initial\" background_position=\"top_left\" background_repeat=\"repeat\" hover_enabled=\"0\" use_border_color=\"off\" global_colors_info=\"{}\" text_line_height=\"1.3em\" sticky_enabled=\"0\"]<h4>dotparc IT GmbH<\/h4>\r\n<p>Lerchenfeldstra\u00dfe 37<br \/>9020 Klagenfurt<br \/>\u00d6sterreich<\/p>\r\n<p><strong>E<\/strong> <a title=\"office@dotparc.com\" href=\"mailto:office@dotparc.com\">office@dotparc.com<\/a><br \/><strong>T<\/strong> <a href=\"tel:+434633050041\">+43 463 305 0041<\/a><br \/><strong>I<\/strong> <a title=\"www.dotparc.com\" href=\"http:\/\/www.dotparc.com\">www.dotparc.com<\/a><\/p>\r\n<p><strong>Gesch\u00e4ftsf\u00fchrer:<\/strong> DI Michael Welz<br \/><strong>Firmenbuch Nummer:<\/strong> FN 196183 f<br \/><strong>Firmenbuchgericht:<\/strong> Landesgericht Klagenfurt<br \/><strong>UID:<\/strong> ATU49701808<\/p>[\/et_pb_text][\/et_pb_column][\/et_pb_row][\/et_pb_section]","_et_gb_content_width":"","footnotes":""},"class_list":["post-5672","page","type-page","status-publish","hentry"],"yoast_head":"<!-- This site is optimized with the Yoast SEO plugin v27.5 - https:\/\/yoast.com\/product\/yoast-seo-wordpress\/ -->\n<title>Contact dotparc | Your Digital IT Architecture Partner<\/title>\n<meta name=\"description\" content=\"Get in touch with dotparc for tailored IT solutions, Microsoft 365 &amp; Azure services, and expert support. Let\u2019s build your IT future together.\" \/>\n<meta name=\"robots\" content=\"index, follow, max-snippet:-1, max-image-preview:large, max-video-preview:-1\" \/>\n<link rel=\"canonical\" href=\"https:\/\/www.dotparc.com\/en\/contact\/\" \/>\n<meta name=\"twitter:card\" content=\"summary_large_image\" \/>\n<meta name=\"twitter:title\" content=\"Contact dotparc | Your Digital IT Architecture Partner\" \/>\n<meta name=\"twitter:description\" content=\"Get in touch with dotparc for tailored IT solutions, Microsoft 365 &amp; Azure services, and expert support. Let\u2019s build your IT future together.\" \/>\n<meta name=\"twitter:label1\" content=\"Est. reading time\" \/>\n\t<meta name=\"twitter:data1\" content=\"5 minutes\" \/>\n<script type=\"application\/ld+json\" class=\"yoast-schema-graph\">{\"@context\":\"https:\\\/\\\/schema.org\",\"@graph\":[{\"@type\":\"WebPage\",\"@id\":\"https:\\\/\\\/www.dotparc.com\\\/en\\\/contact\\\/\",\"url\":\"https:\\\/\\\/www.dotparc.com\\\/en\\\/contact\\\/\",\"name\":\"Contact dotparc | Your Digital IT Architecture Partner\",\"isPartOf\":{\"@id\":\"https:\\\/\\\/www.dotparc.com\\\/en\\\/#website\"},\"datePublished\":\"2025-03-21T12:08:01+00:00\",\"dateModified\":\"2025-08-11T11:04:48+00:00\",\"description\":\"Get in touch with dotparc for tailored IT solutions, Microsoft 365 & Azure services, and expert support. Let\u2019s build your IT future together.\",\"breadcrumb\":{\"@id\":\"https:\\\/\\\/www.dotparc.com\\\/en\\\/contact\\\/#breadcrumb\"},\"inLanguage\":\"en-US\",\"potentialAction\":[{\"@type\":\"ReadAction\",\"target\":[\"https:\\\/\\\/www.dotparc.com\\\/en\\\/contact\\\/\"]}]},{\"@type\":\"BreadcrumbList\",\"@id\":\"https:\\\/\\\/www.dotparc.com\\\/en\\\/contact\\\/#breadcrumb\",\"itemListElement\":[{\"@type\":\"ListItem\",\"position\":1,\"name\":\"Home\",\"item\":\"https:\\\/\\\/www.dotparc.com\\\/en\\\/\"},{\"@type\":\"ListItem\",\"position\":2,\"name\":\"Contact\"}]},{\"@type\":\"WebSite\",\"@id\":\"https:\\\/\\\/www.dotparc.com\\\/en\\\/#website\",\"url\":\"https:\\\/\\\/www.dotparc.com\\\/en\\\/\",\"name\":\"dotparc\",\"description\":\"IT GmbH\",\"publisher\":{\"@id\":\"https:\\\/\\\/www.dotparc.com\\\/en\\\/#organization\"},\"alternateName\":\"dotparc\",\"potentialAction\":[{\"@type\":\"SearchAction\",\"target\":{\"@type\":\"EntryPoint\",\"urlTemplate\":\"https:\\\/\\\/www.dotparc.com\\\/en\\\/?s={search_term_string}\"},\"query-input\":{\"@type\":\"PropertyValueSpecification\",\"valueRequired\":true,\"valueName\":\"search_term_string\"}}],\"inLanguage\":\"en-US\"},{\"@type\":\"Organization\",\"@id\":\"https:\\\/\\\/www.dotparc.com\\\/en\\\/#organization\",\"name\":\"dotparc\",\"alternateName\":\"dotparc\",\"url\":\"https:\\\/\\\/www.dotparc.com\\\/en\\\/\",\"logo\":{\"@type\":\"ImageObject\",\"inLanguage\":\"en-US\",\"@id\":\"https:\\\/\\\/www.dotparc.com\\\/en\\\/#\\\/schema\\\/logo\\\/image\\\/\",\"url\":\"https:\\\/\\\/www.dotparc.com\\\/wp-content\\\/uploads\\\/2025\\\/05\\\/dotparc_Logo_2025.png\",\"contentUrl\":\"https:\\\/\\\/www.dotparc.com\\\/wp-content\\\/uploads\\\/2025\\\/05\\\/dotparc_Logo_2025.png\",\"width\":2360,\"height\":498,\"caption\":\"dotparc\"},\"image\":{\"@id\":\"https:\\\/\\\/www.dotparc.com\\\/en\\\/#\\\/schema\\\/logo\\\/image\\\/\"},\"sameAs\":[\"https:\\\/\\\/www.facebook.com\\\/dotparc\",\"https:\\\/\\\/www.instagram.com\\\/dotparc\\\/\",\"https:\\\/\\\/www.linkedin.com\\\/company\\\/dotparc\\\/\"]}]}<\/script>\n<!-- \/ Yoast SEO plugin. -->","yoast_head_json":{"title":"Contact dotparc | Your Digital IT Architecture Partner","description":"Get in touch with dotparc for tailored IT solutions, Microsoft 365 & Azure services, and expert support. Let\u2019s build your IT future together.","robots":{"index":"index","follow":"follow","max-snippet":"max-snippet:-1","max-image-preview":"max-image-preview:large","max-video-preview":"max-video-preview:-1"},"canonical":"https:\/\/www.dotparc.com\/en\/contact\/","twitter_card":"summary_large_image","twitter_title":"Contact dotparc | Your Digital IT Architecture Partner","twitter_description":"Get in touch with dotparc for tailored IT solutions, Microsoft 365 & Azure services, and expert support. Let\u2019s build your IT future together.","twitter_misc":{"Est. reading time":"5 minutes"},"schema":{"@context":"https:\/\/schema.org","@graph":[{"@type":"WebPage","@id":"https:\/\/www.dotparc.com\/en\/contact\/","url":"https:\/\/www.dotparc.com\/en\/contact\/","name":"Contact dotparc | Your Digital IT Architecture Partner","isPartOf":{"@id":"https:\/\/www.dotparc.com\/en\/#website"},"datePublished":"2025-03-21T12:08:01+00:00","dateModified":"2025-08-11T11:04:48+00:00","description":"Get in touch with dotparc for tailored IT solutions, Microsoft 365 & Azure services, and expert support. Let\u2019s build your IT future together.","breadcrumb":{"@id":"https:\/\/www.dotparc.com\/en\/contact\/#breadcrumb"},"inLanguage":"en-US","potentialAction":[{"@type":"ReadAction","target":["https:\/\/www.dotparc.com\/en\/contact\/"]}]},{"@type":"BreadcrumbList","@id":"https:\/\/www.dotparc.com\/en\/contact\/#breadcrumb","itemListElement":[{"@type":"ListItem","position":1,"name":"Home","item":"https:\/\/www.dotparc.com\/en\/"},{"@type":"ListItem","position":2,"name":"Contact"}]},{"@type":"WebSite","@id":"https:\/\/www.dotparc.com\/en\/#website","url":"https:\/\/www.dotparc.com\/en\/","name":"dotparc","description":"IT GmbH","publisher":{"@id":"https:\/\/www.dotparc.com\/en\/#organization"},"alternateName":"dotparc","potentialAction":[{"@type":"SearchAction","target":{"@type":"EntryPoint","urlTemplate":"https:\/\/www.dotparc.com\/en\/?s={search_term_string}"},"query-input":{"@type":"PropertyValueSpecification","valueRequired":true,"valueName":"search_term_string"}}],"inLanguage":"en-US"},{"@type":"Organization","@id":"https:\/\/www.dotparc.com\/en\/#organization","name":"dotparc","alternateName":"dotparc","url":"https:\/\/www.dotparc.com\/en\/","logo":{"@type":"ImageObject","inLanguage":"en-US","@id":"https:\/\/www.dotparc.com\/en\/#\/schema\/logo\/image\/","url":"https:\/\/www.dotparc.com\/wp-content\/uploads\/2025\/05\/dotparc_Logo_2025.png","contentUrl":"https:\/\/www.dotparc.com\/wp-content\/uploads\/2025\/05\/dotparc_Logo_2025.png","width":2360,"height":498,"caption":"dotparc"},"image":{"@id":"https:\/\/www.dotparc.com\/en\/#\/schema\/logo\/image\/"},"sameAs":["https:\/\/www.facebook.com\/dotparc","https:\/\/www.instagram.com\/dotparc\/","https:\/\/www.linkedin.com\/company\/dotparc\/"]}]}},"_links":{"self":[{"href":"https:\/\/www.dotparc.com\/en\/wp-json\/wp\/v2\/pages\/5672","targetHints":{"allow":["GET"]}}],"collection":[{"href":"https:\/\/www.dotparc.com\/en\/wp-json\/wp\/v2\/pages"}],"about":[{"href":"https:\/\/www.dotparc.com\/en\/wp-json\/wp\/v2\/types\/page"}],"author":[{"embeddable":true,"href":"https:\/\/www.dotparc.com\/en\/wp-json\/wp\/v2\/users\/1"}],"replies":[{"embeddable":true,"href":"https:\/\/www.dotparc.com\/en\/wp-json\/wp\/v2\/comments?post=5672"}],"version-history":[{"count":0,"href":"https:\/\/www.dotparc.com\/en\/wp-json\/wp\/v2\/pages\/5672\/revisions"}],"wp:attachment":[{"href":"https:\/\/www.dotparc.com\/en\/wp-json\/wp\/v2\/media?parent=5672"}],"curies":[{"name":"wp","href":"https:\/\/api.w.org\/{rel}","templated":true}]}}